{"id":3,"date":"2024-07-08T11:58:15","date_gmt":"2024-07-08T11:58:15","guid":{"rendered":"http:\/\/jl-studio.berlin\/?page_id=3"},"modified":"2024-09-03T14:50:49","modified_gmt":"2024-09-03T12:50:49","slug":"datenschutz","status":"publish","type":"page","link":"https:\/\/jl-studio.berlin\/en\/datenschutz\/","title":{"rendered":"Privacy Policy"},"content":{"rendered":"\n<h2 class=\"wp-block-heading\">Who we are<\/h2>\n\n\n<p><strong class=\"privacy-policy-tutorial\">Suggested text: <\/strong>Our website address is: http:\/\/jl-studio.berlin.<\/p>\n\n\n<h2 class=\"wp-block-heading\">Comments<\/h2>\n\n\n<p><strong class=\"privacy-policy-tutorial\">Suggested text: <\/strong>When visitors leave comments on the site we collect the data shown in the comments form, and also the visitor&#8217;s IP address and browser user agent string to help spam detection.<\/p>\n\n\n<p>An anonymized string created from your email address (also called a hash) may be provided to the Gravatar service to see if you are using it. The Gravatar service privacy policy is available here: https:\/\/automattic.com\/privacy\/. After approval of your comment, your profile picture is visible to the public in the context of your comment.<\/p>\n\n\n<h2 class=\"wp-block-heading\">Media<\/h2>\n\n\n<p><strong class=\"privacy-policy-tutorial\">Suggested text: <\/strong>If you upload images to the website, you should avoid uploading images with embedded location data (EXIF GPS) included. Visitors to the website can download and extract any location data from images on the website.<\/p>\n\n\n<h2 class=\"wp-block-heading\">Cookies<\/h2>\n\n\n<p><strong class=\"privacy-policy-tutorial\">Suggested text: <\/strong>If you leave a comment on our site you may opt-in to saving your name, email address and website in cookies. These are for your convenience so that you do not have to fill in your details again when you leave another comment. These cookies will last for one year.<\/p>\n\n\n<p>If you visit our login page, we will set a temporary cookie to determine if your browser accepts cookies. This cookie contains no personal data and is discarded when you close your browser.<\/p>\n\n\n<p>When you log in, we will also set up several cookies to save your login information and your screen display choices. Login cookies last for two days, and screen options cookies last for a year. If you select &quot;Remember Me&quot;, your login will persist for two weeks. If you log out of your account, the login cookies will be removed.<\/p>\n\n\n<p>If you edit or publish an article, an additional cookie will be saved in your browser. This cookie includes no personal data and simply indicates the post ID of the article you just edited. It expires after 1 day.<\/p>\n\n\n<h2 class=\"wp-block-heading\">Embedded content from other websites<\/h2>\n\n\n<p><strong class=\"privacy-policy-tutorial\">Suggested text: <\/strong>Articles on this site may include embedded content (e.g. videos, images, articles, etc.). Embedded content from other websites behaves in the exact same way as if the visitor has visited the other website.<\/p>\n\n\n<p>These websites may collect data about you, use cookies, embed additional third-party tracking, and monitor your interaction with that embedded content, including tracking your interaction with the embedded content if you have an account and are logged in to that website.<\/p>\n\n\n<h2 class=\"wp-block-heading\">Who we share your data with<\/h2>\n\n\n<p><strong class=\"privacy-policy-tutorial\">Suggested text: <\/strong>If you request a password reset, your IP address will be included in the reset email.<\/p>\n\n\n<h2 class=\"wp-block-heading\">How long we retain your data<\/h2>\n\n\n<p><strong class=\"privacy-policy-tutorial\">Suggested text: <\/strong>If you leave a comment, the comment and its metadata are retained indefinitely. This is so we can recognize and approve any follow-up comments automatically instead of holding them in a moderation queue.<\/p>\n\n\n<p>For users that register on our website (if any), we also store the personal information they provide in their user profile. All users can see, edit, or delete their personal information at any time (except they cannot change their username). Website administrators can also see and edit that information.<\/p>\n\n\n<h2 class=\"wp-block-heading\">What rights you have over your data<\/h2>\n\n\n<p><strong class=\"privacy-policy-tutorial\">Suggested text: <\/strong>If you have an account on this site, or have left comments, you can request to receive an exported file of the personal data we hold about you, including any data you have provided to us. You can also request that we erase any personal data we hold about you. This does not include any data we are obliged to keep for administrative, legal, or security purposes.<\/p>\n\n\n<h2 class=\"wp-block-heading\">Where your data is sent<\/h2>\n\n\n<p><strong class=\"privacy-policy-tutorial\">Suggested text: <\/strong>Visitor comments may be checked through an automated spam detection service.<\/p>\n\n","protected":false},"excerpt":{"rendered":"<p>Who we are Suggested text: Our website address is: http:\/\/jl-studio.berlin. Comments Suggested text: When visitors leave comments on the site we collect the data shown in the comments form, and also the visitor&#8217;s IP address and browser user agent string to help spam detection. An anonymized string created from your email address (also called a [&hellip;]<\/p>\n","protected":false},"author":1,"featured_media":0,"parent":0,"menu_order":9,"comment_status":"closed","ping_status":"open","template":"","meta":[],"class_list":["post-3","page","type-page","status-publish","hentry"],"yoast_head":"<!-- This site is optimized with the Yoast SEO plugin v27.0 - https:\/\/yoast.com\/product\/yoast-seo-wordpress\/ -->\n<title>Privacy Policy &#8211; JL-Studio<\/title>\n<meta name=\"robots\" content=\"index, follow, max-snippet:-1, max-image-preview:large, max-video-preview:-1\" \/>\n<link rel=\"canonical\" href=\"https:\/\/jl-studio.berlin\/datenschutz\/\" \/>\n<meta property=\"og:locale\" content=\"en_US\" \/>\n<meta property=\"og:type\" content=\"article\" \/>\n<meta property=\"og:title\" content=\"[:de]Datenschutz[:en]Privacy Policy[:] &#8211; JL-Studio\" \/>\n<meta property=\"og:description\" content=\"Who we are Suggested text: Our website address is: http:\/\/jl-studio.berlin. Comments Suggested text: When visitors leave comments on the site we collect the data shown in the comments form, and also the visitor&#8217;s IP address and browser user agent string to help spam detection. An anonymized string created from your email address (also called a [&hellip;]\" \/>\n<meta property=\"og:url\" content=\"https:\/\/jl-studio.berlin\/datenschutz\/\" \/>\n<meta property=\"og:site_name\" content=\"JL-Studio\" \/>\n<meta property=\"article:modified_time\" content=\"2024-09-03T12:50:49+00:00\" \/>\n<meta name=\"twitter:card\" content=\"summary_large_image\" \/>\n<meta name=\"twitter:label1\" content=\"Est. reading time\" \/>\n\t<meta name=\"twitter:data1\" content=\"3 minutes\" \/>\n<script type=\"application\/ld+json\" class=\"yoast-schema-graph\">{\"@context\":\"https:\/\/schema.org\",\"@graph\":[{\"@type\":\"WebPage\",\"@id\":\"https:\/\/jl-studio.berlin\/datenschutz\/\",\"url\":\"https:\/\/jl-studio.berlin\/datenschutz\/\",\"name\":\"[:de]Datenschutz[:en]Privacy Policy[:] &#8211; JL-Studio\",\"isPartOf\":{\"@id\":\"https:\/\/jl-studio.berlin\/#website\"},\"datePublished\":\"2024-07-08T11:58:15+00:00\",\"dateModified\":\"2024-09-03T12:50:49+00:00\",\"breadcrumb\":{\"@id\":\"https:\/\/jl-studio.berlin\/datenschutz\/#breadcrumb\"},\"inLanguage\":\"en-US\",\"potentialAction\":[{\"@type\":\"ReadAction\",\"target\":[\"https:\/\/jl-studio.berlin\/datenschutz\/\"]}]},{\"@type\":\"BreadcrumbList\",\"@id\":\"https:\/\/jl-studio.berlin\/datenschutz\/#breadcrumb\",\"itemListElement\":[{\"@type\":\"ListItem\",\"position\":1,\"name\":\"Startseite\",\"item\":\"https:\/\/jl-studio.berlin\/\"},{\"@type\":\"ListItem\",\"position\":2,\"name\":\"Datenschutz\"}]},{\"@type\":\"WebSite\",\"@id\":\"https:\/\/jl-studio.berlin\/#website\",\"url\":\"https:\/\/jl-studio.berlin\/\",\"name\":\"JL-Studio\",\"description\":\"Event Fotografie Berlin und Bundesweit\",\"publisher\":{\"@id\":\"https:\/\/jl-studio.berlin\/#organization\"},\"alternateName\":\"Jens Liebchen Fotografie\",\"potentialAction\":[{\"@type\":\"SearchAction\",\"target\":{\"@type\":\"EntryPoint\",\"urlTemplate\":\"https:\/\/jl-studio.berlin\/?s={search_term_string}\"},\"query-input\":{\"@type\":\"PropertyValueSpecification\",\"valueRequired\":true,\"valueName\":\"search_term_string\"}}],\"inLanguage\":\"en-US\"},{\"@type\":\"Organization\",\"@id\":\"https:\/\/jl-studio.berlin\/#organization\",\"name\":\"JL-Studio\",\"alternateName\":\"Jens Liebchen Fotografie\",\"url\":\"https:\/\/jl-studio.berlin\/\",\"logo\":{\"@type\":\"ImageObject\",\"inLanguage\":\"en-US\",\"@id\":\"https:\/\/jl-studio.berlin\/#\/schema\/logo\/image\/\",\"url\":\"https:\/\/jl-studio.berlin\/wp-content\/uploads\/2024\/09\/cropped-favicon.png\",\"contentUrl\":\"https:\/\/jl-studio.berlin\/wp-content\/uploads\/2024\/09\/cropped-favicon.png\",\"width\":512,\"height\":512,\"caption\":\"JL-Studio\"},\"image\":{\"@id\":\"https:\/\/jl-studio.berlin\/#\/schema\/logo\/image\/\"}}]}<\/script>\n<!-- \/ Yoast SEO plugin. -->","yoast_head_json":{"title":"[:de]Datenschutz[:en]Privacy Policy[:] &#8211; JL-Studio","robots":{"index":"index","follow":"follow","max-snippet":"max-snippet:-1","max-image-preview":"max-image-preview:large","max-video-preview":"max-video-preview:-1"},"canonical":"https:\/\/jl-studio.berlin\/datenschutz\/","og_locale":"en_US","og_type":"article","og_title":"[:de]Datenschutz[:en]Privacy Policy[:] &#8211; JL-Studio","og_description":"Who we are Suggested text: Our website address is: http:\/\/jl-studio.berlin. Comments Suggested text: When visitors leave comments on the site we collect the data shown in the comments form, and also the visitor&#8217;s IP address and browser user agent string to help spam detection. An anonymized string created from your email address (also called a [&hellip;]","og_url":"https:\/\/jl-studio.berlin\/datenschutz\/","og_site_name":"JL-Studio","article_modified_time":"2024-09-03T12:50:49+00:00","twitter_card":"summary_large_image","twitter_misc":{"Est. reading time":"3 minutes"},"schema":{"@context":"https:\/\/schema.org","@graph":[{"@type":"WebPage","@id":"https:\/\/jl-studio.berlin\/datenschutz\/","url":"https:\/\/jl-studio.berlin\/datenschutz\/","name":"[:de]Datenschutz[:en]Privacy Policy[:] &#8211; JL-Studio","isPartOf":{"@id":"https:\/\/jl-studio.berlin\/#website"},"datePublished":"2024-07-08T11:58:15+00:00","dateModified":"2024-09-03T12:50:49+00:00","breadcrumb":{"@id":"https:\/\/jl-studio.berlin\/datenschutz\/#breadcrumb"},"inLanguage":"en-US","potentialAction":[{"@type":"ReadAction","target":["https:\/\/jl-studio.berlin\/datenschutz\/"]}]},{"@type":"BreadcrumbList","@id":"https:\/\/jl-studio.berlin\/datenschutz\/#breadcrumb","itemListElement":[{"@type":"ListItem","position":1,"name":"Startseite","item":"https:\/\/jl-studio.berlin\/"},{"@type":"ListItem","position":2,"name":"Datenschutz"}]},{"@type":"WebSite","@id":"https:\/\/jl-studio.berlin\/#website","url":"https:\/\/jl-studio.berlin\/","name":"JL-Studio","description":"Event Fotografie Berlin und Bundesweit","publisher":{"@id":"https:\/\/jl-studio.berlin\/#organization"},"alternateName":"Jens Liebchen Fotografie","potentialAction":[{"@type":"SearchAction","target":{"@type":"EntryPoint","urlTemplate":"https:\/\/jl-studio.berlin\/?s={search_term_string}"},"query-input":{"@type":"PropertyValueSpecification","valueRequired":true,"valueName":"search_term_string"}}],"inLanguage":"en-US"},{"@type":"Organization","@id":"https:\/\/jl-studio.berlin\/#organization","name":"JL-Studio","alternateName":"Jens Liebchen Fotografie","url":"https:\/\/jl-studio.berlin\/","logo":{"@type":"ImageObject","inLanguage":"en-US","@id":"https:\/\/jl-studio.berlin\/#\/schema\/logo\/image\/","url":"https:\/\/jl-studio.berlin\/wp-content\/uploads\/2024\/09\/cropped-favicon.png","contentUrl":"https:\/\/jl-studio.berlin\/wp-content\/uploads\/2024\/09\/cropped-favicon.png","width":512,"height":512,"caption":"JL-Studio"},"image":{"@id":"https:\/\/jl-studio.berlin\/#\/schema\/logo\/image\/"}}]}},"grid":"{\r\n  \"colCount\": 12,\r\n  \"colGutter\": 1,\r\n  \"rowGutters\": [\r\n    1\r\n  ],\r\n  \"frameMargin\": 5,\r\n  \"leftFrameMargin\": 1,\r\n  \"rightFrameMargin\": 1,\r\n  \"topFrameMargin\": 1,\r\n  \"mus\": {\r\n    \"colGutterMu\": \"%\",\r\n    \"rowGutterMu\": \"%\",\r\n    \"topFrameMu\": \"%\",\r\n    \"bottomFrameMu\": \"%\",\r\n    \"frameMu\": \"%\"\r\n  },\r\n  \"bottomFrameMargin\": 1,\r\n  \"rowAttrs\": [\r\n    {\r\n      \"row100vh\": false,\r\n      \"rowcustomheight\": \"40vh\",\r\n      \"relid\": 4\r\n    },\r\n    {\r\n      \"relid\": 1\r\n    }\r\n  ],\r\n  \"bgColor\": null,\r\n  \"bgImage\": null,\r\n  \"cont\": [\r\n    {\r\n      \"type\": \"text\",\r\n      \"cont\": \"<h1 class=\\\"_H1\\\">Datenschutz<\/h1>\\n<p class=\\\"_Body\\\">Mit dieser Datenschutzerkl\u00e4rung m\u00f6chten wir Sie dar\u00fcber informieren, wie wir personenbezogene Daten verarbeiten. Wir sind uns bewusst, welche Bedeutung die Verarbeitung personenbezogener Daten f\u00fcr den betroffenen Nutzer hat und beachten dementsprechend alle einschl\u00e4gigen gesetzlichen Vorgaben. Dabei ist der Schutz Ihrer Privatsph\u00e4re f\u00fcr uns von h\u00f6chster Bedeutung. Deshalb ist das Einhalten der gesetzlichen Bestimmungen zum Datenschutz f\u00fcr uns selbstverst\u00e4ndlich.<\/p>\\n<p class=\\\"_Body\\\">Kontakt<\/p>\\n<p class=\\\"_Body\\\">Jens Liebchen \/ JL-Studio<br \/>Freienwalder Str. 17<br \/>13055 Berlin<br \/>Germany<\/p>\\n<p class=\\\"_Body\\\">mail@jl-studio.berlin<\/p>\\n<p class=\\\"_Body\\\">Datenschutzbeauftragter<br \/>Sie erreichen unseren Datenschutzbeauftragten unter mail@jl-studio.berlin<\/p>\\n<p class=\\\"_Body\\\">Erhobene Daten<br \/>Eine Nutzung der Internetseiten der \u201eJL-Studio.Berlin\u201c ist grunds\u00e4tzlich ohne jede Angabe personenbezogener Daten m\u00f6glich. Beim Zugriff auf diese Webseiten \u00fcbermittelt der Browser des Besuchers automatisch Daten \u00fcber die gew\u00fcnschte Ressource, die IP-Adresse, an die die Daten \u00fcbermittelt werden sollen sowie gegebenenfalls auch spezifische Daten aus vorherigen Anfragen (Cookies, Referer, Formulare, etc.) an den Server unserer Website. Ein Teil dieser Daten wird automatisch geloggt, um den technischen Betrieb sicherstellen zu k\u00f6nnen. Diese Informationen werden tempor\u00e4r in einem sogenannten Logfile gespeichert.<br \/>Folgende Informationen werden dabei ohne Ihr Zutun erfasst und bis zur automatisierten L\u00f6schung gespeichert: IP-Adresse des anfragenden Rechners, Datum und Uhrzeit des Zugriffs, Name und URL der abgerufenen Datei, Website, von der aus der Zugriff erfolgt (Referrer-URL), verwendeter Browser und ggf. das Betriebssystem Ihres Rechners sowie der Name Ihres Access-Providers.<br \/>Die genannten Daten werden durch uns zu folgenden Zwecken verarbeitet: Gew\u00e4hrleistung eines reibungslosen Verbindungsaufbaus der Website, Gew\u00e4hrleistung einer komfortablen Nutzung unserer Website, Auswertung der Systemsicherheit und -stabilit\u00e4t sowie zu weiteren administrativen Zwecken.<br \/>Die Rechtsgrundlage f\u00fcr die Datenverarbeitung ist Art.\u00a06 Abs.\u00a01 S.\u00a01 lit.\u00a0f DSGVO. Unser berechtigtes Interesse folgt aus oben aufgelisteten Zwecken zur Datenerhebung. In keinem Fall verwenden wir die erhobenen Daten zu dem Zweck, R\u00fcckschl\u00fcsse auf Ihre Person zu ziehen.<br \/>Sollten Sie uns per E-Mail oder Telefon oder \u00e4hnliches wegen eines Auftrags oder Angebots kontaktieren, so speichern wir :<br \/>- Kontaktinformationen<br \/>- Auftragsinformationen und -bedingungen<br \/>- ggfls. Zahlungsinformationen<\/p>\\n<p class=\\\"_Body\\\">Zweck<br \/>Wir verarbeiten Ihre Daten zu den folgenden Zwecken:<br \/>\u2013 Vertragsabwicklung<br \/>\u2013 Werbung<br \/>\u2013 Statistik<\/p>\\n<p class=\\\"_Body\\\">Rechtsgrundlage<br \/>Die Verarbeitung Ihrer Daten geschieht auf der folgenden Rechtsgrundlage:<br \/>\u2013 Ihre Einwilligung, Art. 6 Abs. 1 lit. a) DSGVO<br \/>\u2013 zur Durchf\u00fchrung eines Vertrags mit Ihnen und zur Erf\u00fcllung gesetzlicher Pflichten, Art. 6 Abs. 1 lit. b) DSGVO<br \/>\u2013 berechtigte Interessen, Art. 6 Abs. 1 lit. f) DSGVO (siehe unten)<\/p>\\n<p class=\\\"_Body\\\">Berechtigte Interessen<br \/>Bei der Verarbeitung Ihrer Daten verfolgen wir die folgenden berechtigten Interessen:<br \/>\u2013 Erstellung von Angeboten<br \/>\u2013 Auftragsabwicklung<br \/>\u2013 Schutz vor Missbrauch<br \/>\u2013 Statistik<\/p>\\n<p class=\\\"_Body\\\">Datenempf\u00e4nger<br \/>Bei der Verarbeitung Ihrer Daten arbeiten wir mit den folgenden Dienstleistern zusammen, die Zugriff auf Ihre Daten haben:<br \/>\u2013 Webhosting-Anbieter: NetBeat<br \/>\u2013 Versanddienstleister wie WeTransfer und Picdrop<br \/>\u2013 Anbieter von Webanalyse-Tools<\/p>\\n<p class=\\\"_Body\\\">Datenquellen<br \/>Wir erhalten die Daten von Ihnen (einschlie\u00dflich \u00fcber die von Ihnen verwendeten Ger\u00e4te).<\/p>\\n<p class=\\\"_Body\\\">Daten\u00fcbertragung in Drittl\u00e4nder<br \/>Es findet eine Daten\u00fcbertragung in Drittl\u00e4nder au\u00dferhalb der Europ\u00e4ischen Union statt. Dies erfolgt auf der Grundlage gesetzlich vorgesehener vertraglicher Regelungen, die einen angemessenen Schutz Ihrer Daten sicherstellen sollen und die Sie auf Anfrage einsehen k\u00f6nnen.<\/p>\\n<p class=\\\"_Body\\\">Weitergabe von Daten<br \/>Selbstverst\u00e4ndlich geben wir keine pers\u00f6nlichen Daten f\u00fcr Werbe- oder Marketingzwecke an Dritte weiter. Wir geben Ihre Daten nur dann an Dritte weiter, wenn dies f\u00fcr die Erbringung unserer Dienstleistung zwingend erforderlich ist. Eine \u00dcbermittlung Ihrer pers\u00f6nlichen Daten an Dritte zu anderen als den im Folgenden aufgef\u00fchrten Zwecken findet nicht statt.<br \/>Wir geben Ihre pers\u00f6nlichen Daten nur an Dritte weiter, wenn:<br \/>- Sie Ihre nach Art. 6 Abs. 1 S. 1 lit. a DSGVO ausdr\u00fcckliche Einwilligung dazu erteilt haben,<br \/>- die Weitergabe nach Art. 6 Abs. 1 S. 1 lit. f DSGVO zur Geltendmachung, Aus\u00fcbung oder Verteidigung von Rechtsanspr\u00fcchen erforderlich ist und kein Grund zur Annahme besteht, dass Sie ein \u00fcberwiegendes schutzw\u00fcrdiges Interesse an der Nichtweitergabe Ihrer Daten haben,<br \/>- f\u00fcr den Fall, dass f\u00fcr die Weitergabe nach Art. 6 Abs. 1 S. 1 lit. c DSGVO eine gesetzliche Verpflichtung besteht, sowie<br \/>- dies gesetzlich zul\u00e4ssig und nach Art. 6 Abs. 1 S. 1 lit. b DSGVO f\u00fcr die Abwicklung von Vertragsverh\u00e4ltnissen mit Ihnen erforderlich ist.<\/p>\\n<p class=\\\"_Body\\\">Speicherdauer<br \/>Wir speichern Ihre Daten,<br \/>\u2013 wenn Sie in die Verarbeitung eingewilligt haben h\u00f6chstens solange, bis Sie Ihre Einwilligung widerrufen,<br \/>\u2013 wenn wir die Daten zur Durchf\u00fchrung eines Vertrags oder zur Erf\u00fcllung gesetzlicher Pflichten ben\u00f6tigen h\u00f6chstens solange, wie das Vertragsverh\u00e4ltnis mit Ihnen besteht oder gesetzliche Aufbewahrungsfristen laufen,<br \/>\u2013 wenn wir die Daten auf der Grundlage eines berechtigten Interesses verwenden h\u00f6chstens solange, wie Ihr Interesse an einer L\u00f6schung oder Anonymisierung nicht \u00fcberwiegt.<\/p>\\n<p class=\\\"_Body\\\">Rechte des Betroffenen<br \/>Sie haben \u2013 teilweise unter bestimmten Voraussetzungen \u2013 das Recht,<br \/>\u2013 Auskunft \u00fcber die Verarbeitung Ihrer Daten zu verlangen,<br \/>\u2013 Ihre Daten zu berichtigen,<br \/>\u2013 Ihre Daten l\u00f6schen oder sperren zu lassen,<br \/>\u2013 die Verarbeitung einschr\u00e4nken zu lassen,<br \/>\u2013 der Verarbeitung Ihrer Daten zu widersprechen,<br \/>\u2013 Ihre Daten in einem \u00fcbertragbaren Format zu erhalten und einem Dritten zu \u00fcbermitteln,<br \/>\u2013 Ihre Einwilligung zur Verarbeitung Ihrer Daten f\u00fcr die Zukunft zu widerrufen und<br \/>\u2013 sich bei der zust\u00e4ndigen Aufsichtsbeh\u00f6rde \u00fcber eine unzul\u00e4ssige Datenverarbeitung zu beschweren.<\/p>\\n<p class=\\\"_Body\\\">Erfordernis oder Verpflichtung zur Bereitstellung von Daten<br \/>Soweit dies bei der Erhebung nicht ausdr\u00fccklich angegeben ist, ist die Bereitstellung von Daten nicht erforderlich oder verpflichtend.<\/p>\\n<p class=\\\"_Body\\\">Stand dieser Datenschutzerkl\u00e4rung<br \/>25. Mai 2018<\/p>\\n<p class=\\\"_Body\\\">Wir behalten uns vor, diese Datenschutzerkl\u00e4rung jederzeit mit Wirkung f\u00fcr die Zukunft zu \u00e4ndern.<\/p>\",\r\n      \"align\": \"top\",\r\n      \"row\": 1,\r\n      \"col\": 4,\r\n      \"colspan\": 8,\r\n      \"offsetx\": 0,\r\n      \"offsety\": 0,\r\n      \"spaceabove\": 0,\r\n      \"spacebelow\": 0,\r\n      \"yvel\": 1,\r\n      \"push\": 4,\r\n      \"relid\": 2,\r\n      \"absolute_position\": false,\r\n      \"frameOverflow\": \"\"\r\n    }\r\n  ]\r\n}","phonegrid":"","_links":{"self":[{"href":"https:\/\/jl-studio.berlin\/en\/wp-json\/wp\/v2\/pages\/3","targetHints":{"allow":["GET"]}}],"collection":[{"href":"https:\/\/jl-studio.berlin\/en\/wp-json\/wp\/v2\/pages"}],"about":[{"href":"https:\/\/jl-studio.berlin\/en\/wp-json\/wp\/v2\/types\/page"}],"author":[{"embeddable":true,"href":"https:\/\/jl-studio.berlin\/en\/wp-json\/wp\/v2\/users\/1"}],"replies":[{"embeddable":true,"href":"https:\/\/jl-studio.berlin\/en\/wp-json\/wp\/v2\/comments?post=3"}],"version-history":[{"count":0,"href":"https:\/\/jl-studio.berlin\/en\/wp-json\/wp\/v2\/pages\/3\/revisions"}],"wp:attachment":[{"href":"https:\/\/jl-studio.berlin\/en\/wp-json\/wp\/v2\/media?parent=3"}],"curies":[{"name":"wp","href":"https:\/\/api.w.org\/{rel}","templated":true}]}}